{"id":104,"date":"2018-04-11T15:35:06","date_gmt":"2018-04-11T13:35:06","guid":{"rendered":"http:\/\/www.karolinekinsky.at\/?page_id=104"},"modified":"2020-03-24T22:06:10","modified_gmt":"2020-03-24T21:06:10","slug":"beispiel-seite-3-2-2-2","status":"publish","type":"page","link":"https:\/\/www.karolinekinsky.at\/?page_id=104","title":{"rendered":"Wundpflege"},"content":{"rendered":"<section class=\"l-section wpb_row height_medium\"><div class=\"l-section-h i-cf\"><div class=\"g-cols vc_row via_flex valign_top type_default stacking_default\"><div class=\"vc_col-sm-12 wpb_column vc_column_container\"><div class=\"vc_column-inner\"><div class=\"wpb_wrapper\"><div class=\"wpb_text_column\"><div class=\"wpb_wrapper\"><h2 lang=\"zxx\" style=\"text-align: center;\">Mein Angebot an Sie \u2013 Wundpflege mit Herz<\/h2>\n<\/div><\/div><\/div><\/div><\/div><\/div><\/div><\/section><section class=\"l-section wpb_row height_auto\"><div class=\"l-section-h i-cf\"><div class=\"g-cols vc_row via_flex valign_top type_default stacking_default\"><div class=\"vc_col-sm-12 wpb_column vc_column_container\"><div class=\"vc_column-inner\"><div class=\"wpb_wrapper\"><div class=\"g-cols wpb_row via_flex valign_top type_default stacking_default\"><div class=\"vc_col-sm-4 wpb_column vc_column_container\"><div class=\"vc_column-inner\"><div class=\"wpb_wrapper\"><div class=\"w-image align_none\"><div class=\"w-image-h\"><img loading=\"lazy\" decoding=\"async\" width=\"800\" height=\"800\" src=\"https:\/\/www.karolinekinsky.at\/wp-content\/uploads\/2018\/04\/800x800-Wunde.png\" class=\"attachment-large size-large\" alt=\"\" srcset=\"https:\/\/www.karolinekinsky.at\/wp-content\/uploads\/2018\/04\/800x800-Wunde.png 800w, https:\/\/www.karolinekinsky.at\/wp-content\/uploads\/2018\/04\/800x800-Wunde-150x150.png 150w, https:\/\/www.karolinekinsky.at\/wp-content\/uploads\/2018\/04\/800x800-Wunde-300x300.png 300w, https:\/\/www.karolinekinsky.at\/wp-content\/uploads\/2018\/04\/800x800-Wunde-768x768.png 768w, https:\/\/www.karolinekinsky.at\/wp-content\/uploads\/2018\/04\/800x800-Wunde-350x350.png 350w, https:\/\/www.karolinekinsky.at\/wp-content\/uploads\/2018\/04\/800x800-Wunde-600x600.png 600w\" sizes=\"auto, (max-width: 800px) 100vw, 800px\" \/><\/div><\/div><\/div><\/div><\/div><div class=\"vc_col-sm-4 wpb_column vc_column_container\"><div class=\"vc_column-inner\"><div class=\"wpb_wrapper\"><div class=\"wpb_text_column\"><div class=\"wpb_wrapper\"><p>Eine Wunde ben\u00f6tigt viel um zu heilen. Am meisten aber Pflege mit viel Liebe!<\/p>\n<p>Deswegen nehme ich mir f\u00fcr meine Patienten Zeit um eine vollst\u00e4ndige Anamnese zu erheben. Nicht nur die Wunde, sondern der gesamte Mensch mit seiner jeweiligen Situation wird erfasst, um den besten Therapieansatz anbieten und enwickeln zu k\u00f6nnen.<\/p>\n<p>Dieser ist immer individuell auf den Patienten abgestimmt und wird auch im Verlauf evaluiert und bei Bedarf angepasst, denn jede Wunde durchl\u00e4uft verschiedene Wundstadien und braucht dadurch andere Bedingungen um gut zu verheilen.<\/p>\n<p>Eine Vernetzung mit ihrem Hausarzt und\/oder ihren Facharzt f\u00fcr Dermatologie oder Gef\u00e4\u00dfchirurgie oder anderen Berufsgruppen in der Pflege, sowie einen niedergelassenen Bandagisten, sind f\u00fcr ein gutes Gelingen in der Wundversorgung unumg\u00e4nglich und sorgen f\u00fcr ein funktionierendes Wundteam rund um den Patienten.<\/p>\n<\/div><\/div><\/div><\/div><\/div><div class=\"vc_col-sm-4 wpb_column vc_column_container\"><div class=\"vc_column-inner\"><div class=\"wpb_wrapper\"><div class=\"wpb_text_column\"><div class=\"wpb_wrapper\"><p lang=\"zxx\">Ich biete Wundpflege an bei:<\/p>\n<ul>\n<li lang=\"zxx\">Wundheilungsst\u00f6rungen<\/li>\n<li lang=\"zxx\">Ulcera<\/li>\n<li lang=\"zxx\">Dekubitus<\/li>\n<li lang=\"zxx\">Diabetisches Fuss-Syndrom<\/li>\n<li lang=\"zxx\">Lymph\u00f6deme<\/li>\n<li lang=\"zxx\">Stoma Versorgung jeder Art<\/li>\n<li lang=\"zxx\">Wunden nach Sturz<\/li>\n<\/ul>\n<h5 style=\"text-align: center;\"><a href=\"http:\/\/www.karolinekinsky.at\/?page_id=198\">Wundfoto Galerie<\/a><\/h5>\n<\/div><\/div><\/div><\/div><\/div><\/div><\/div><\/div><\/div><\/div><\/div><\/section>\n","protected":false},"excerpt":{"rendered":"Mein Angebot an Sie \u2013 Wundpflege mit Herz Eine Wunde ben\u00f6tigt viel um zu heilen. Am meisten aber Pflege mit viel Liebe! Deswegen nehme ich mir f\u00fcr meine Patienten Zeit um eine vollst\u00e4ndige Anamnese zu erheben. Nicht nur die Wunde, sondern der gesamte Mensch mit seiner jeweiligen Situation wird erfasst, um den besten Therapieansatz anbieten...","protected":false},"author":1,"featured_media":0,"parent":86,"menu_order":0,"comment_status":"closed","ping_status":"closed","template":"","meta":{"footnotes":""},"class_list":["post-104","page","type-page","status-publish","hentry"],"aioseo_notices":[],"_links":{"self":[{"href":"https:\/\/www.karolinekinsky.at\/index.php?rest_route=\/wp\/v2\/pages\/104","targetHints":{"allow":["GET"]}}],"collection":[{"href":"https:\/\/www.karolinekinsky.at\/index.php?rest_route=\/wp\/v2\/pages"}],"about":[{"href":"https:\/\/www.karolinekinsky.at\/index.php?rest_route=\/wp\/v2\/types\/page"}],"author":[{"embeddable":true,"href":"https:\/\/www.karolinekinsky.at\/index.php?rest_route=\/wp\/v2\/users\/1"}],"replies":[{"embeddable":true,"href":"https:\/\/www.karolinekinsky.at\/index.php?rest_route=%2Fwp%2Fv2%2Fcomments&post=104"}],"version-history":[{"count":13,"href":"https:\/\/www.karolinekinsky.at\/index.php?rest_route=\/wp\/v2\/pages\/104\/revisions"}],"predecessor-version":[{"id":239,"href":"https:\/\/www.karolinekinsky.at\/index.php?rest_route=\/wp\/v2\/pages\/104\/revisions\/239"}],"up":[{"embeddable":true,"href":"https:\/\/www.karolinekinsky.at\/index.php?rest_route=\/wp\/v2\/pages\/86"}],"wp:attachment":[{"href":"https:\/\/www.karolinekinsky.at\/index.php?rest_route=%2Fwp%2Fv2%2Fmedia&parent=104"}],"curies":[{"name":"wp","href":"https:\/\/api.w.org\/{rel}","templated":true}]}}