{"id":86,"date":"2018-04-11T14:55:13","date_gmt":"2018-04-11T12:55:13","guid":{"rendered":"http:\/\/www.karolinekinsky.at\/?page_id=86"},"modified":"2021-11-09T23:27:52","modified_gmt":"2021-11-09T22:27:52","slug":"beispiel-seite-3-2-2","status":"publish","type":"page","link":"https:\/\/www.karolinekinsky.at\/?page_id=86","title":{"rendered":"K\u00f6rper"},"content":{"rendered":"<section class=\"l-section wpb_row height_medium\"><div class=\"l-section-h i-cf\"><div class=\"g-cols vc_row via_flex valign_top type_default stacking_default\"><div class=\"vc_col-sm-12 wpb_column vc_column_container\"><div class=\"vc_column-inner\"><div class=\"wpb_wrapper\"><div class=\"wpb_text_column\"><div class=\"wpb_wrapper\"><h2 style=\"text-align: center;\">Was ist modernes Wundmanagement?<\/h2>\n<\/div><\/div><\/div><\/div><\/div><\/div><\/div><\/section><section class=\"l-section wpb_row height_auto\"><div class=\"l-section-h i-cf\"><div class=\"g-cols vc_row via_flex valign_top type_default stacking_default\"><div class=\"vc_col-sm-12 wpb_column vc_column_container\"><div class=\"vc_column-inner\"><div class=\"wpb_wrapper\"><div class=\"g-cols wpb_row via_flex valign_top type_default stacking_default\"><div class=\"vc_col-sm-4 wpb_column vc_column_container\"><div class=\"vc_column-inner\"><div class=\"wpb_wrapper\"><div class=\"w-image align_none\"><div class=\"w-image-h\"><img loading=\"lazy\" decoding=\"async\" width=\"600\" height=\"600\" src=\"https:\/\/www.karolinekinsky.at\/wp-content\/uploads\/2021\/11\/600x600-KarolineKinsky2L.png\" class=\"attachment-us_768_0 size-us_768_0\" alt=\"\" srcset=\"https:\/\/www.karolinekinsky.at\/wp-content\/uploads\/2021\/11\/600x600-KarolineKinsky2L.png 600w, https:\/\/www.karolinekinsky.at\/wp-content\/uploads\/2021\/11\/600x600-KarolineKinsky2L-300x300.png 300w, https:\/\/www.karolinekinsky.at\/wp-content\/uploads\/2021\/11\/600x600-KarolineKinsky2L-150x150.png 150w, https:\/\/www.karolinekinsky.at\/wp-content\/uploads\/2021\/11\/600x600-KarolineKinsky2L-350x350.png 350w\" sizes=\"auto, (max-width: 600px) 100vw, 600px\" \/><\/div><\/div><\/div><\/div><\/div><div class=\"vc_col-sm-4 wpb_column vc_column_container\"><div class=\"vc_column-inner\"><div class=\"wpb_wrapper\"><div class=\"wpb_text_column\"><div class=\"wpb_wrapper\"><p>Zum heutigen Stand kann modernes Wundmanagment mit folgenden Satz beschrieben werden: feuchtes Wundmanagment. Das bedeutet, eine Wunde ben\u00f6tigt ein feuchtes und sauberes Klima um neue Zellen bilden zu k\u00f6nnen. Meine Aufgabe ist es, in ihrer Wunde ein Klima zu schaffen mit dem ihr K\u00f6rper in aller Ruhe seine Arbeit zur Wundheilung leisten kann.<\/p>\n<p>Dies beinhaltet nicht nur das Reinigen einer Wunde und die Anwendung von modernen und aktuellen Verb\u00e4nden, sondern auch die Anpassung ihres Stoffwechsels durch Ern\u00e4hrungserg\u00e4nzung oder aber eine genaue Einstellung von Blutzuckerwerten. Eine gute Schmerztherapie und vieles mehr unterst\u00fctzt ihren K\u00f6rper optimal im Heilungsprozess.<\/p>\n<\/div><\/div><\/div><\/div><\/div><div class=\"vc_col-sm-4 wpb_column vc_column_container\"><div class=\"vc_column-inner\"><div class=\"wpb_wrapper\"><div class=\"wpb_text_column\"><div class=\"wpb_wrapper\"><p>Merken sie sich folgendes als Faustregel: eine Wunde muss immer FEUCHT sein. NICHT TROCKEN, NICHT NASS, NICHT FETT! (Ausnahmen sind trockene Nekrosen bei arteriellen Durchblutungsst\u00f6rungen)<\/p>\n<p>Wundmanagment basiert heutzutage auf pflegewissenschaftlichen Erkenntnissen. Es gibt eine Unzahl an Studien \u00fcber aktuelle Wundversorgung welche sich\u00a0in rasantem Tempo immer weiter entwickelt. Als T\u00dcV zertifierte Wundmanagerin\u00ae bin ich verpflichtet mich j\u00e4hrlich weiterzubilden.<\/p>\n<\/div><\/div><\/div><\/div><\/div><\/div><\/div><\/div><\/div><\/div><\/div><\/section>\n","protected":false},"excerpt":{"rendered":"Was ist modernes Wundmanagement? Zum heutigen Stand kann modernes Wundmanagment mit folgenden Satz beschrieben werden: feuchtes Wundmanagment. Das bedeutet, eine Wunde ben\u00f6tigt ein feuchtes und sauberes Klima um neue Zellen bilden zu k\u00f6nnen. Meine Aufgabe ist es, in ihrer Wunde ein Klima zu schaffen mit dem ihr K\u00f6rper in aller Ruhe seine Arbeit zur Wundheilung...","protected":false},"author":1,"featured_media":0,"parent":0,"menu_order":0,"comment_status":"closed","ping_status":"closed","template":"","meta":{"footnotes":""},"class_list":["post-86","page","type-page","status-publish","hentry"],"aioseo_notices":[],"_links":{"self":[{"href":"https:\/\/www.karolinekinsky.at\/index.php?rest_route=\/wp\/v2\/pages\/86","targetHints":{"allow":["GET"]}}],"collection":[{"href":"https:\/\/www.karolinekinsky.at\/index.php?rest_route=\/wp\/v2\/pages"}],"about":[{"href":"https:\/\/www.karolinekinsky.at\/index.php?rest_route=\/wp\/v2\/types\/page"}],"author":[{"embeddable":true,"href":"https:\/\/www.karolinekinsky.at\/index.php?rest_route=\/wp\/v2\/users\/1"}],"replies":[{"embeddable":true,"href":"https:\/\/www.karolinekinsky.at\/index.php?rest_route=%2Fwp%2Fv2%2Fcomments&post=86"}],"version-history":[{"count":21,"href":"https:\/\/www.karolinekinsky.at\/index.php?rest_route=\/wp\/v2\/pages\/86\/revisions"}],"predecessor-version":[{"id":289,"href":"https:\/\/www.karolinekinsky.at\/index.php?rest_route=\/wp\/v2\/pages\/86\/revisions\/289"}],"wp:attachment":[{"href":"https:\/\/www.karolinekinsky.at\/index.php?rest_route=%2Fwp%2Fv2%2Fmedia&parent=86"}],"curies":[{"name":"wp","href":"https:\/\/api.w.org\/{rel}","templated":true}]}}